{"id":761,"date":"2015-02-17T16:36:58","date_gmt":"2015-02-17T15:36:58","guid":{"rendered":"http:\/\/hvorduvil.dk\/?page_id=761"},"modified":"2020-12-19T12:35:54","modified_gmt":"2020-12-19T11:35:54","slug":"about","status":"publish","type":"page","link":"http:\/\/hvorduvil.dk\/de\/about\/","title":{"rendered":"About"},"content":{"rendered":"<p><a href=\"http:\/\/hvorduvil.dk\/wp-content\/uploads\/2015\/02\/Woduwillst_hans-henrick.jpg\"><img loading=\"lazy\" decoding=\"async\" class=\"alignnone size-full wp-image-1136\" src=\"http:\/\/hvorduvil.dk\/wp-content\/uploads\/2015\/02\/Woduwillst_hans-henrick.jpg\" alt=\"Woduwillst_hans henrick\" width=\"639\" height=\"960\" srcset=\"http:\/\/hvorduvil.dk\/wp-content\/uploads\/2015\/02\/Woduwillst_hans-henrick.jpg 639w, http:\/\/hvorduvil.dk\/wp-content\/uploads\/2015\/02\/Woduwillst_hans-henrick-200x300.jpg 200w\" sizes=\"auto, (max-width: 639px) 100vw, 639px\" \/><\/a><br \/>\n<div class=\"divider\"><\/div><\/p>\n<p class=\"intro\">Stylist Hans-Henrick \u2013 schneidet, f\u00e4rbt oder frisiert Deine Haare wo Du willst und stellt damit das pers\u00f6nliche Wohlbefinden auf eine neue Stufe.<\/p>\n<div class=\"two-columns-one\">\n<h1>Hans-Henrick<\/h1>\n<p>arbeitet seit 1989 als Friseur und Stylist. Er hat zun\u00e4chst in den besten Salons D\u00e4nemarks gearbeitet und dann sein K\u00f6nnen in Paris perfektioniert. In Paris geh\u00f6rten Moderedakteure, Schauspieler, Models und Musiker zu seinen Kunden.<\/p>\n<p>Durch seine Zusammenarbeit mit Mode-Designern wie Yohji Yammamoto, Lanvin oder YSL und internationalen Modemagazinen (Elle, Glamour, Vogue), entwickelte sich Hans-Henrick zu einem der talentiertesten Stylisten ganz Paris.<\/p>\n<p>Mittlerweile lebt er wieder in Aarhus, D\u00e4nemark und in Berlin, wo er sein einzigartiges \u201cWo Du Willst\u201d Konzept entwickelt hat und mit dem er Haar-Treatment und -Styling auf ein neue, den Zeitgeist entsprechende Ebene hebt.<\/p>\n<h1>Deine Wahl<\/h1>\n<p>Hans-Henrick ist Dein pers\u00f6nlicher Stylist, der sich ganz nach Deinem Zeitplan richtet. Ab sofort kein l\u00e4stiges im Stau stehen oder Parkplatzsuchen mehr, Dein Stylist kommt ab jetzt zu Dir nach Hause, ins B\u00fcro, ins Sportstudio, ins Hotel, in den Park\u2026 \u2013 \u201cWo Du Willst\u201d.<\/p>\n<h1>Termine<\/h1>\n<p>Termine k\u00f6nnen Sie von 7\/7,\u00a0 8 \u2013 20 Uhr vereinbaren wo Du willst.<br \/>\n<\/div>\n<div class=\"two-columns-one last\">\n<h1>Behandlung<\/h1>\n<p>Hans-Henrick verf\u00fcgt \u00fcber langj\u00e4hrige Berufserfahrung, Know-how und Feingef\u00fchl: Haare schneiden, trimmen, f\u00e4rben oder Augenbrauen in Form bringen, bei ihm bist Du in den richtigen H\u00e4nden.<\/p>\n<p>Sein Spezialgebiet ist die \u201enat\u00fcrliche Blondine\u201c, denn mit seiner \u201cSunkissed Behandlung\u201d(balayage) &#8211; zaubert er das perfekte Blond ohne Deine Haare zu sch\u00e4digen. Keine Panik vor grauen Haaren, auch hier kennt sich Hans- Henrick super aus.<\/p>\n<h1>Nachhaltigkeit &amp; \u00d6kologie<\/h1>\n<p>Nachhaltige Initiativen sind ein integraler Bestandteil von Hans Henricks Behandlungen. Dar\u00fcber hinaus unterst\u00fctzt er NGOs durch Veranstaltungen.<\/p>\n<h1>Bezahlung<\/h1>\n<p>Banktransfer, Mobilepay<br \/>\n<\/div><br \/>\n<div class=\"divider\"><\/div><\/p>\n","protected":false},"excerpt":{"rendered":"<p>Stylist Hans-Henrick \u2013 schneidet, f\u00e4rbt oder frisiert Deine Haare wo Du willst und stellt damit das pers\u00f6nliche Wohlbefinden auf eine neue Stufe.<\/p>\n","protected":false},"author":3,"featured_media":0,"parent":0,"menu_order":0,"comment_status":"open","ping_status":"open","template":"page-templates\/about-page.php","meta":{"_acf_changed":false,"om_disable_all_campaigns":false,"_monsterinsights_skip_tracking":false,"_monsterinsights_sitenote_active":false,"_monsterinsights_sitenote_note":"","_monsterinsights_sitenote_category":0,"footnotes":""},"class_list":["post-761","page","type-page","status-publish","hentry"],"acf":[],"aioseo_notices":[],"_links":{"self":[{"href":"http:\/\/hvorduvil.dk\/de\/wp-json\/wp\/v2\/pages\/761","targetHints":{"allow":["GET"]}}],"collection":[{"href":"http:\/\/hvorduvil.dk\/de\/wp-json\/wp\/v2\/pages"}],"about":[{"href":"http:\/\/hvorduvil.dk\/de\/wp-json\/wp\/v2\/types\/page"}],"author":[{"embeddable":true,"href":"http:\/\/hvorduvil.dk\/de\/wp-json\/wp\/v2\/users\/3"}],"replies":[{"embeddable":true,"href":"http:\/\/hvorduvil.dk\/de\/wp-json\/wp\/v2\/comments?post=761"}],"version-history":[{"count":21,"href":"http:\/\/hvorduvil.dk\/de\/wp-json\/wp\/v2\/pages\/761\/revisions"}],"predecessor-version":[{"id":1483,"href":"http:\/\/hvorduvil.dk\/de\/wp-json\/wp\/v2\/pages\/761\/revisions\/1483"}],"wp:attachment":[{"href":"http:\/\/hvorduvil.dk\/de\/wp-json\/wp\/v2\/media?parent=761"}],"curies":[{"name":"wp","href":"https:\/\/api.w.org\/{rel}","templated":true}]}}